{"id":3427,"date":"2023-03-29T15:33:39","date_gmt":"2023-03-29T13:33:39","guid":{"rendered":"https:\/\/ecolesaintjeandemonts.fr\/?page_id=3427"},"modified":"2026-01-09T14:48:17","modified_gmt":"2026-01-09T13:48:17","slug":"fournitures","status":"publish","type":"page","link":"https:\/\/ecolestjean85160.fr\/index.php\/annee-scolaire\/fournitures\/","title":{"rendered":"Fournitures Scolaire"},"content":{"rendered":"<div id=\"cmsmasters_row_f8eddplo3\" class=\"cmsmasters_row cmsmasters_color_scheme_default cmsmasters_row_top_default cmsmasters_row_bot_default cmsmasters_row_boxed\">\n<div class=\"cmsmasters_row_outer_parent\">\n<div class=\"cmsmasters_row_outer\">\n<div class=\"cmsmasters_row_inner\">\n<div class=\"cmsmasters_row_margin\">\n<div id=\"cmsmasters_column_6gz5zgm5xb\" class=\"cmsmasters_column one_first\">\n<div class=\"cmsmasters_column_inner\"><div id=\"cmsmasters_heading_75t1ftz1y\" class=\"cmsmasters_heading_wrap cmsmasters_heading_align_center\">\n\t<h2 class=\"cmsmasters_heading\">Fournitures 2025-26<\/h2>\n<\/div><div class=\"aligncenter\"><div class=\"cmsmasters_img  cmsmasters_image_c\"><img decoding=\"async\" src=\"https:\/\/ecolestjean85160.fr\/wp-content\/uploads\/2019\/07\/cole-line-1.jpg\" alt=\"\u00e9cole-line-1\" \/><\/div><\/div><div class=\"cmsmasters_text\">\n<p>Pour les \u00e9l\u00e8ves du CP au CM2, voici les listes de fournitures scolaires \u00e0 pr\u00e9voir pour la rentr\u00e9e. Merci de bien rep\u00e9rer la classe et le nom de l&rsquo;enseignante&#8230; Bons pr\u00e9paratifs!<\/p>\n<p>&nbsp;<\/p>\n<\/div>\n<div id=\"cmsmasters_divider_e3w28db4nr\" class=\"cl\"><\/div>\n<\/div><\/div>\n<\/div>\n<\/div>\n<\/div>\n<\/div>\n<\/div>\n<div id=\"cmsmasters_row_ntlycufdho\" class=\"cmsmasters_row cmsmasters_color_scheme_default cmsmasters_row_top_default cmsmasters_row_bot_default cmsmasters_row_boxed\">\n<div class=\"cmsmasters_row_outer_parent\">\n<div class=\"cmsmasters_row_outer\">\n<div class=\"cmsmasters_row_inner\">\n<div class=\"cmsmasters_row_margin\">\n<div id=\"cmsmasters_column_pdubtow7yj\" class=\"cmsmasters_column one_first\">\n<div class=\"cmsmasters_column_inner\"><div class=\"cmsmasters_toggles toggles_mode_toggle\">\n<div class=\"cmsmasters_toggle_wrap\" data-tags=\"all \">\n<div class=\"cmsmasters_toggle_title\">\n<span class=\"cmsmasters_toggle_plus\">\n<span class=\"cmsmasters_toggle_plus_hor\"><\/span>\n<span class=\"cmsmasters_toggle_plus_vert\"><\/span>\n<\/span>\n<a href=\"#\">Fournitures de classe CP<\/a>\n<\/div>\n<div class=\"cmsmasters_toggle\">\n<div class=\"cmsmasters_toggle_inner\">\n<p><strong>Vous-trouverez ci-dessous les fournitures pour les CP\u00a0(classe de Patricia Tricoire)<\/strong><\/p>\n<p>Pour le premier jour de classe, dans un cartable, :<br \/>\n&#8211; 1 trousse pour ranger le mat\u00e9riel d\u2019\u00e9criture fourni par l\u2019\u00e9cole<br \/>\n&#8211; 1 trousse remplie de crayons feutres et de crayons de couleur<br \/>\n&#8211; 1 pochette de 12 crayons \u00e0 la cire (style plastid\u00e9cor BIC)<br \/>\n&#8211; 1 tube de colle<br \/>\n&#8211; 1 paire de ciseaux<br \/>\n&#8211; 1 porte-vues de 40\/60 vues (marqu\u00e9 au nom de l&rsquo;enfant) (veiller \u00e0 la<br \/>\nqualit\u00e9 des pochettes transparentes pour que votre enfant soit capable d\u2019y<br \/>\nranger ses fiches tout seul)<br \/>\n&#8211; 4 chemises cartonn\u00e9es avec rabats et \u00e9lastiques (marqu\u00e9es au nom de l&rsquo;enfant)<br \/>\n&#8211; 1 gourde (sans le syst\u00e8me de paille)<br \/>\n&#8211; 1 bo\u00eete de mouchoirs<\/p>\n<p><a href=\"https:\/\/drive.google.com\/file\/d\/1IbxmJlcZI19jWp5tnVWHXYGg00A0MMxm\/view?usp=sharing\">Fournitures Classe CP<\/a><\/p>\n<\/div>\n<\/div>\n<\/div><div class=\"cmsmasters_toggle_wrap\" data-tags=\"all \">\n<div class=\"cmsmasters_toggle_title\">\n<span class=\"cmsmasters_toggle_plus\">\n<span class=\"cmsmasters_toggle_plus_hor\"><\/span>\n<span class=\"cmsmasters_toggle_plus_vert\"><\/span>\n<\/span>\n<a href=\"#\">Fournitures de classe CP-CE1<\/a>\n<\/div>\n<div class=\"cmsmasters_toggle\">\n<div class=\"cmsmasters_toggle_inner\">\n<p><strong>Vous-trouverez ci-dessous les fournitures de classe CP-CE1 C\u00e9line Boulineau:<\/strong><\/p>\n<p><strong>Pour les CP:<\/strong><\/p>\n<ul>\n<li>Une chemise plastifi\u00e9e avec 3 rabats.<\/li>\n<li>Un porte vue ( 60 vues)<\/li>\n<li>1 r\u00e8gle de 20 cm gradu\u00e9e transparente, plastique et <strong>rigide<\/strong>.<\/li>\n<li>des crayons feutres (\u00e9viter les pointes fines) rang\u00e9s dans 1 trousse<\/li>\n<li>des crayons de couleurs<\/li>\n<li>2 surligneurs<\/li>\n<li>1 stylo bille ou un roller bleu<\/li>\n<li>1 crayon de bois<\/li>\n<li>1 gomme<\/li>\n<li>1 taille crayon (avec r\u00e9servoir)<\/li>\n<li>1 paire de ciseaux (adapt\u00e9\u00a0: droitier ou gaucher)<\/li>\n<li>1 colle<\/li>\n<li>1 crayon \u00ab\u00a0woody\u00a0\u00bb ou velleda pour l\u2019ardoise<\/li>\n<li>1 ardoise blanche<\/li>\n<li>1 boite de mouchoirs<\/li>\n<\/ul>\n<p><strong>Pour les CE1:<\/strong><\/p>\n<ul>\n<li>Une chemise plastifi\u00e9e avec 3 rabats.<\/li>\n<li>Un porte vue (80 vues)<\/li>\n<li>Une \u00e9querre.<\/li>\n<li>1 r\u00e8gle de 20 cm gradu\u00e9e transparente , plastique et <strong>rigide<\/strong>.<\/li>\n<li>des crayons feutres (\u00e9viter les pointes fines) rang\u00e9s dans 1 trousse<\/li>\n<li>des crayons de couleurs<\/li>\n<li>2 surligneurs<\/li>\n<li>1 stylo bille ou un roller bleu<\/li>\n<li>1 crayon de bois<\/li>\n<li>1 gomme<\/li>\n<li>1 taille crayon (avec r\u00e9servoir)<\/li>\n<li>1 paire de ciseaux (adapt\u00e9\u00a0: droitier ou gaucher)<\/li>\n<li>1 colle<\/li>\n<li>1 crayon \u00ab\u00a0woody\u00a0\u00bb ou velleda pour l\u2019ardoise<\/li>\n<li>1 ardoise blanche<\/li>\n<li>1 boite de mouchoirs<\/li>\n<\/ul>\n<p><strong>Les crayons pour l\u2019ardoise et la colle seront \u00e0 renouveler tout au long de l\u2019ann\u00e9e, je renverrai la trousse r\u00e9guli\u00e8rement pour v\u00e9rification.<\/strong><\/p>\n<p><a href=\"https:\/\/drive.google.com\/file\/d\/1A4ur0o6Erf08sZ8wHS-IjeMKtQ6DXjaL\/view?usp=drive_link\">Fournitures Classe de CP &#8211; C\u00e9line Boulineau<\/a><\/p>\n<p><a href=\"https:\/\/drive.google.com\/file\/d\/1A67k4dbVgaT2APxNq7g_kUSZ9xhv0O4x\/view?usp=drive_link\">Fournitures Classe de CE1 &#8211; C\u00e9line Boulineau<\/a><\/p>\n<\/div>\n<\/div>\n<\/div><div class=\"cmsmasters_toggle_wrap\" data-tags=\"all \">\n<div class=\"cmsmasters_toggle_title\">\n<span class=\"cmsmasters_toggle_plus\">\n<span class=\"cmsmasters_toggle_plus_hor\"><\/span>\n<span class=\"cmsmasters_toggle_plus_vert\"><\/span>\n<\/span>\n<a href=\"#\">Fournitures de classe CE1-CE2<\/a>\n<\/div>\n<div class=\"cmsmasters_toggle\">\n<div class=\"cmsmasters_toggle_inner\">\n<p><strong>Vous-trouverez ci-dessous les fournitures de classe CE1-CE2 (Aliz\u00e9e Perreaud et C\u00e9line Pichon)<\/strong><\/p>\n<p><strong>Merci de pensez \u00e0 \u00e9crire NOM et Pr\u00e9nom de l&rsquo;\u00e9l\u00e8ve sur chaque mat\u00e9riel<\/strong><\/p>\n<ul>\n<li>une r\u00e8gle plate de <strong>30 cm<\/strong> en <strong>plastique rigide<\/strong> (avec le z\u00e9ro visible, pas de r\u00e8gle souple ou m\u00e9tallique)<\/li>\n<li>une \u00e9querre<\/li>\n<li>une gomme blanche<\/li>\n<li>un taille-crayon<\/li>\n<li>une paire de ciseaux en bon \u00e9tat<\/li>\n<li>des crayons feutres (entre 6 et 12 maxi)<\/li>\n<li>des crayons de couleurs (entre 6 et 12 maxi)<\/li>\n<li>un feutre surligneur jaune fluo<\/li>\n<li><strong>3<\/strong> feutres effa\u00e7ables pour ardoise blanche<\/li>\n<li><strong>2<\/strong> b\u00e2tons de colle (type UHU)<\/li>\n<li>un grand t-shirt usag\u00e9 ou une chemise de Papa, pour prot\u00e9ger les v\u00eatements en arts plastiques<\/li>\n<li><strong>une petite trousse <\/strong>(contenant la gomme, les ciseaux, le surligneur seulement, le reste sera fourni par l\u2019\u00e9cole \u00e0 la rentr\u00e9e)<\/li>\n<li><strong>une 2<sup>\u00e8me<\/sup> trousse contenant les crayons feutres et de couleurs <\/strong>qui devront tous \u00eatre not\u00e9s avec le pr\u00e9nom de l&rsquo;\u00e9l\u00e8ve (petite \u00e9tiquette scotch\u00e9e \u00e0 l&rsquo;extr\u00e9mit\u00e9 de chaque crayon)<\/li>\n<li>un rouleau de plastique transparent et r\u00e9sistant \u00e0 garder \u00e0 la maison pour couvrir les fichiers qui seront fournis le jour de la rentr\u00e9e.<\/li>\n<li>une ardoise blanche rang\u00e9e dans un \u00e9tui ou chemise cartonn\u00e9e avec un petit chiffon<\/li>\n<\/ul>\n<ul>\n<li>un <strong>agenda<\/strong> pour noter le travail du soir<\/li>\n<li>1 chemise cartonn\u00e9e 3 rabats avec \u00e9lastiques<\/li>\n<li><strong>2<\/strong> classeurs rigides, format A4, dos 4cm avec 4 anneaux<\/li>\n<li>1 paquet de <strong>6<\/strong> intercalaires A4 en carton<\/li>\n<\/ul>\n<ul>\n<li>une gourde d\u2019eau (50cl)<\/li>\n<li>une boite de mouchoirs jetables<\/li>\n<\/ul>\n<p>&nbsp;<\/p>\n<p>Votre enfant n&rsquo;a pas \u00e0 emporter de stylo ou de crayon de bois de la maison. Le mat\u00e9riel fourni \u00e0 la rentr\u00e9e devra imp\u00e9rativement rester en classe. Aussi, veuillez pr\u00e9voir\u00a0 pour le travail \u00e0 la maison un stylo bille bleu, un crayon de bois et une gomme.<\/p>\n<p>Pour un bon d\u00e9marrage, il est souhaitable que votre enfant lise un ou plusieurs petits livres de litt\u00e9rature de jeunesse pendant ses vacances.<\/p>\n<p>Nous l\u2019invitons \u00e9galement \u00e0 emporter le jour de la rentr\u00e9e <u>une ou deux photos de sa famille<\/u>, ainsi <u>qu\u2019une photo-souvenir<\/u> <u>d\u2019un bon moment de ses vacances<\/u>\u2026 Merci de votre collaboration.\u00a0 \u00a0Au plaisir de faire bient\u00f4t connaissance avec votre enfant.<\/p>\n<p>&nbsp;<\/p>\n<p><a href=\"https:\/\/drive.google.com\/file\/d\/1A7-p96txJtD5VwOps2LY_Cy_X-u1Kcok\/view?usp=drive_link\">Fournitures Classe CE1-CE2<\/a><\/p>\n<\/div>\n<\/div>\n<\/div><div class=\"cmsmasters_toggle_wrap\" data-tags=\"all \">\n<div class=\"cmsmasters_toggle_title\">\n<span class=\"cmsmasters_toggle_plus\">\n<span class=\"cmsmasters_toggle_plus_hor\"><\/span>\n<span class=\"cmsmasters_toggle_plus_vert\"><\/span>\n<\/span>\n<a href=\"#\">Fournitures de classe CE2<\/a>\n<\/div>\n<div class=\"cmsmasters_toggle\">\n<div class=\"cmsmasters_toggle_inner\">\n<p><strong>Vous-trouverez ci-dessous la liste des fournitures de classe CE2 (Christelle Chevirier)<\/strong><\/p>\n<p>&#8211; 1 <u>chemise <\/u>cartonn\u00e9e \u00e0 \u00e9lastiques (si possible \u00e9viter les chemises unies jaunes, bleues, rouges et vertes)<\/p>\n<p>&#8211; 1 <u>porte-vues<\/u> (20 vues)\u00a0: d\u2019assez bonne qualit\u00e9 pour faciliter la manipulation<\/p>\n<p>&#8211; 1 grand <u>classeur rigide<\/u> 4 anneaux (pour feuilles 21\u00d729,7cm)<\/p>\n<p><strong>dans une trousse<\/strong><\/p>\n<p>&#8211; des <u>crayons de couleurs<\/u><\/p>\n<p>&#8211; des <u>crayons feutres<\/u><\/p>\n<p>&#8211; 1 <u>surligneur<\/u><\/p>\n<p>&#8211; 1 <u>stylo<\/u> bille bleu effa\u00e7able (style \u00ab\u00a0frixion\u00a0\u00bb) + 6 recharges d\u2019encre<\/p>\n<p>&#8211; 1 <u>stylo<\/u> bille noir, 1 vert , 1 rouge ou un stylo 4 couleurs<\/p>\n<p>&#8211; 1 <u>crayon de bois<\/u><\/p>\n<p>&#8211; 1 <u>gomme<\/u><\/p>\n<p>&#8211; 1 <u>taille crayon<\/u><\/p>\n<p>&#8211; 1 paire de <u>ciseaux<\/u> (il existe des ciseaux pour gaucher)<\/p>\n<p>&#8211; de la <u>colle<\/u> en b\u00e2ton d\u2019assez bonne qualit\u00e9 (\u00e0 renouveler dans l\u2019ann\u00e9e)<\/p>\n<p>&#8211; 1 <u>r\u00e8gle <\/u>de 20 ou 30 cm<\/p>\n<p>&#8211; 1 <u>\u00e9querre<\/u><\/p>\n<p>&#8211; 1 <u>ardoise blanche<\/u><\/p>\n<p>&#8211; 1 bo\u00eete de <u>mouchoirs<\/u><\/p>\n<p>&#8211; 1 <u>gourde<\/u><\/p>\n<p>&#8211; 1 <u>protection de peinture <\/u>\u00a0(blouse, vieille chemise ou grand t-shirt)<\/p>\n<p><strong><em>\u00a0 Pr\u00e9voir seulement 2 trousses peu encombrantes pour ranger le mat\u00e9riel. <\/em><\/strong><\/p>\n<p><strong><em>\u00a0 \u00a0Inutile de fournir les crayons d\u2019ardoise. Chaque \u00e9l\u00e8ve aura \u00e0 sa disposition un crayon woody (plus \u00e9cologique).<\/em><\/strong><\/p>\n<p><strong>\u00a0<em>\u00a0Etiqueter ou mettre au nom de l\u2019enfant le maximum de mat\u00e9riel.\u00a0\u00a0\u00a0\u00a0\u00a0\u00a0\u00a0\u00a0\u00a0\u00a0\u00a0\u00a0\u00a0\u00a0\u00a0\u00a0\u00a0\u00a0\u00a0\u00a0 <\/em><\/strong><em>\u00a0<\/em><\/p>\n<p><a href=\"https:\/\/drive.google.com\/file\/d\/1A7zk_X4QUlPNvh83VqGgGVJLgae7gC80\/view?usp=drive_link\">Fournitures Classe CE2- Christelle Chevrier<\/a><\/p>\n<\/div>\n<\/div>\n<\/div><div class=\"cmsmasters_toggle_wrap\" data-tags=\"all \">\n<div class=\"cmsmasters_toggle_title\">\n<span class=\"cmsmasters_toggle_plus\">\n<span class=\"cmsmasters_toggle_plus_hor\"><\/span>\n<span class=\"cmsmasters_toggle_plus_vert\"><\/span>\n<\/span>\n<a href=\"#\">Fournitures de classe CM1<\/a>\n<\/div>\n<div class=\"cmsmasters_toggle\">\n<div class=\"cmsmasters_toggle_inner\">\n<p><strong>Vous-trouverez ci-dessous les fournitures de classe CM1(Marine Deniaud)<\/strong><\/p>\n<ul>\n<li>1 stylo bleu effa\u00e7able (style \u00abfrixion\u00a0\u00bb) + 6 recharges d\u2019encre<\/li>\n<li>3 stylos \u00e0 billes (1 rouge, 1 vert, 1 noir)<\/li>\n<li>2 surligneurs fluos de couleurs diff\u00e9rentes<\/li>\n<li>1 crayon de bois<\/li>\n<li>1 gomme<\/li>\n<li>1 taille crayon <strong><u>avec r\u00e9servoir<\/u><\/strong><\/li>\n<li>1 paire de ciseaux<\/li>\n<li>1 <u>gros<\/u> b\u00e2ton de colle<\/li>\n<li>1 compas <strong><u>\u00e0 bague<\/u><\/strong><\/li>\n<\/ul>\n<p><strong>1 trousse contenant\u00a0:<\/strong><\/p>\n<ul>\n<li>Des crayons feutres<\/li>\n<li>Des crayons de couleur<\/li>\n<\/ul>\n<p>&nbsp;<\/p>\n<ul>\n<li>1 r\u00e8gle gradu\u00e9e plate <strong><u>en<\/u><\/strong><u> <strong>plastique<\/strong><\/u> <strong><u>rigide<\/u><\/strong> de 30 cm<\/li>\n<li>1 \u00e9querre<\/li>\n<li>1 ardoise blanche<\/li>\n<li>1 crayon WOODY bleu<\/li>\n<li>1 boite de 24 pastels gras Crayola<\/li>\n<li>1 chemise cartonn\u00e9e \u00e0 \u00e9lastiques<\/li>\n<li>1 classeur <u>rigide<\/u> 4 anneaux (dos de 40 mm)<\/li>\n<li>1 jeu de 6 intercalaires <u>en carton<\/u><\/li>\n<li>1 porte-vues\u00a0: 100 vues<\/li>\n<\/ul>\n<p>&nbsp;<\/p>\n<ul>\n<li>1 livre Harry Potter \u00e0 l\u2019\u00e9cole des sorciers (tome 1 \u2013 peu importe l\u2019\u00e9dition)<\/li>\n<\/ul>\n<p>&nbsp;<\/p>\n<ul>\n<li>2 bo\u00eetes de mouchoirs<\/li>\n<li><strong>1 gourde<\/strong><\/li>\n<li>Penser \u00e0 rapporter son dictionnaire (en bon \u00e9tat)<\/li>\n<li><strong>N<\/strong><strong>\u2019<\/strong><strong>achetez pas d<\/strong><strong>\u2019<\/strong><strong>agenda\u00a0! <\/strong>Il sera fourni par l\u2019\u00e9cole.<\/li>\n<li>Pensez \u00e0 marquer le pr\u00e9nom de votre enfant sur tout son mat\u00e9riel.<\/li>\n<\/ul>\n<p><strong><em>Le mat\u00e9riel sera \u00e0 renouveler en cours d<\/em><\/strong><strong><em>\u2019<\/em><\/strong><strong><em>ann\u00e9e si besoin.<\/em><\/strong><\/p>\n<p><a href=\"https:\/\/drive.google.com\/file\/d\/1A9zybwU2AmrbL_bpGOWIX6GbccB1sMiP\/view?usp=drive_link\">Fournitures Classe CM1- Marine Deniaud<\/a><\/p>\n<\/div>\n<\/div>\n<\/div><div class=\"cmsmasters_toggle_wrap\" data-tags=\"all \">\n<div class=\"cmsmasters_toggle_title\">\n<span class=\"cmsmasters_toggle_plus\">\n<span class=\"cmsmasters_toggle_plus_hor\"><\/span>\n<span class=\"cmsmasters_toggle_plus_vert\"><\/span>\n<\/span>\n<a href=\"#\">Fournitures de classe CM2<\/a>\n<\/div>\n<div class=\"cmsmasters_toggle\">\n<div class=\"cmsmasters_toggle_inner\">\n<p><strong>Vous-trouverez ci-dessous les fournitures de classe CM2 (H\u00e9l\u00e8ne Merceron et Marie-Fran\u00e7oise Puaud):<\/strong><\/p>\n<p>&#8211; 1 crayon de bois<\/p>\n<p>&#8211; 1 gomme<\/p>\n<p>&#8211; 1 taille-crayons<\/p>\n<p>&#8211; 1 stylo bleu effa\u00e7able (style frixion) + 4 recharges<\/p>\n<p>&#8211; 3 stylos effa\u00e7ables (vert, rouge et noir)<\/p>\n<p>&#8211; 2 feutres fluo jaune et bleu<\/p>\n<p>&#8211; 1 r\u00e8gle gradu\u00e9e plate en plastique rigide de 30 cm<\/p>\n<p>&#8211; 1 \u00e9querre<\/p>\n<p>&#8211; 1 ardoise avec une brosse<\/p>\n<p>&#8211; 2 crayons velleda bleus<\/p>\n<p>&#8211; 1 compas \u00e0 bague avec crayon<\/p>\n<p>&#8211; 1 trousse avec 12 crayons de couleur et 12 crayons feutre<\/p>\n<p>&#8211; 1 paire de ciseaux<\/p>\n<p>&#8211; 1 b\u00e2ton de colle<\/p>\n<p>&#8211; 1 porte-vues (40 vues)<\/p>\n<p>&#8211; 2 classeurs rigides 4 anneaux (dos de 4 cm)<\/p>\n<p>&#8211; 2 jeux de 6 intercalaires en carton<\/p>\n<p>&#8211; 3 chemises cartonn\u00e9es \u00e0 \u00e9lastiques<\/p>\n<p>&#8211; 1 agenda<\/p>\n<p>&#8211; 2 bo\u00eetes de mouchoirs<\/p>\n<p>&#8211; 1 gourde<\/p>\n<p><strong><em>\u00e0<\/em><\/strong><strong><em>\u00a0 renouveler si besoin en cours d&rsquo;ann\u00e9e<\/em><\/strong><\/p>\n<p>Penser \u00e0 rapporter son dictionnaire en bon \u00e9tat<\/p>\n<p><a href=\"https:\/\/drive.google.com\/file\/d\/1AAzTPSUm9-Ai695iDnSHnUgvR3gVDT9K\/view?usp=drive_link\">Fournitures Classe CM2<\/a><\/p>\n<\/div>\n<\/div>\n<\/div><\/div>\n<\/div><\/div>\n<\/div>\n<\/div>\n<\/div>\n<\/div>\n<\/div>\n\n","protected":false},"excerpt":{"rendered":"","protected":false},"author":2,"featured_media":0,"parent":1285,"menu_order":0,"comment_status":"closed","ping_status":"closed","template":"","meta":{"footnotes":""},"class_list":["post-3427","page","type-page","status-publish","hentry"],"_links":{"self":[{"href":"https:\/\/ecolestjean85160.fr\/index.php\/wp-json\/wp\/v2\/pages\/3427","targetHints":{"allow":["GET"]}}],"collection":[{"href":"https:\/\/ecolestjean85160.fr\/index.php\/wp-json\/wp\/v2\/pages"}],"about":[{"href":"https:\/\/ecolestjean85160.fr\/index.php\/wp-json\/wp\/v2\/types\/page"}],"author":[{"embeddable":true,"href":"https:\/\/ecolestjean85160.fr\/index.php\/wp-json\/wp\/v2\/users\/2"}],"replies":[{"embeddable":true,"href":"https:\/\/ecolestjean85160.fr\/index.php\/wp-json\/wp\/v2\/comments?post=3427"}],"version-history":[{"count":7,"href":"https:\/\/ecolestjean85160.fr\/index.php\/wp-json\/wp\/v2\/pages\/3427\/revisions"}],"predecessor-version":[{"id":5277,"href":"https:\/\/ecolestjean85160.fr\/index.php\/wp-json\/wp\/v2\/pages\/3427\/revisions\/5277"}],"up":[{"embeddable":true,"href":"https:\/\/ecolestjean85160.fr\/index.php\/wp-json\/wp\/v2\/pages\/1285"}],"wp:attachment":[{"href":"https:\/\/ecolestjean85160.fr\/index.php\/wp-json\/wp\/v2\/media?parent=3427"}],"curies":[{"name":"wp","href":"https:\/\/api.w.org\/{rel}","templated":true}]}}