{"id":3404,"date":"2023-03-29T15:05:15","date_gmt":"2023-03-29T13:05:15","guid":{"rendered":"https:\/\/ecolesaintjeandemonts.fr\/?page_id=3404"},"modified":"2026-03-24T15:02:09","modified_gmt":"2026-03-24T14:02:09","slug":"cantine-menu","status":"publish","type":"page","link":"https:\/\/ecolestjean85160.fr\/index.php\/informations-pratiques\/cantine-menu\/","title":{"rendered":"Cantine de l&rsquo;\u00e9cole"},"content":{"rendered":"<div id=\"cmsmasters_row_k2ah31u879\" class=\"cmsmasters_row cmsmasters_color_scheme_default cmsmasters_row_top_default cmsmasters_row_bot_default cmsmasters_row_fullwidth\">\n<div class=\"cmsmasters_row_outer_parent\">\n<div class=\"cmsmasters_row_outer\">\n<div class=\"cmsmasters_row_inner cmsmasters_row_fullwidth\">\n<div class=\"cmsmasters_row_margin\">\n<div id=\"cmsmasters_column_gqoj4jyuca\" class=\"cmsmasters_column one_first\">\n<div class=\"cmsmasters_column_inner\"><div id=\"cmsmasters_heading_kj17aopk7k\" class=\"cmsmasters_heading_wrap cmsmasters_heading_align_left\">\n\t<h2 class=\"cmsmasters_heading\">Menu<\/h2>\n<\/div><div class=\"cmsmasters_img  cmsmasters_image_l\"><img decoding=\"async\" src=\"https:\/\/ecolestjean85160.fr\/wp-content\/uploads\/2019\/07\/cole-line-2.jpg\" alt=\"\u00e9cole-line-2\" \/><\/div>\n<div id=\"cmsmasters_divider_3u7rx4xjx\" class=\"cl\"><\/div>\n<div class=\"cmsmasters_text\">\n<p>Voici le menu de la semaine de la Cantine du coll\u00e8ge Saint Jean des Lauriers.<\/p>\n<\/div>\n<div id=\"cmsmasters_button_uq76aexf4h\" class=\"button_wrap\"><a href=\"https:\/\/college-saint-jean.fr\/college-saint-jean-les-lauriers\/les-menus-de-la-cantine\/\" class=\"cmsmasters_button\" target=\"_blank\"><span>Voir le menu de la Cantine<\/span><\/a><\/div>\n<div id=\"cmsmasters_divider_kuk2pq2j1\" class=\"cl\"><\/div>\n<div class=\"cmsmasters_img  cmsmasters_image_n\"><img decoding=\"async\" src=\"https:\/\/ecolestjean85160.fr\/wp-content\/uploads\/2019\/07\/cole-icon-1.png\" alt=\"\u00e9cole-icon-1\" \/><\/div>\n<\/div><\/div>\n<\/div>\n<\/div>\n<\/div>\n<\/div>\n<\/div>\n<div id=\"cmsmasters_row_f8eddplo3\" class=\"cmsmasters_row cmsmasters_color_scheme_default cmsmasters_row_top_default cmsmasters_row_bot_default cmsmasters_row_boxed\">\n<div class=\"cmsmasters_row_outer_parent\">\n<div class=\"cmsmasters_row_outer\">\n<div class=\"cmsmasters_row_inner\">\n<div class=\"cmsmasters_row_margin\">\n<div id=\"cmsmasters_column_6gz5zgm5xb\" class=\"cmsmasters_column one_first\">\n<div class=\"cmsmasters_column_inner\"><div id=\"cmsmasters_heading_75t1ftz1y\" class=\"cmsmasters_heading_wrap cmsmasters_heading_align_center\">\n\t<h2 class=\"cmsmasters_heading\">Informations sur la restauration scolaire<\/h2>\n<\/div><div class=\"aligncenter\"><div class=\"cmsmasters_img  cmsmasters_image_c\"><img decoding=\"async\" src=\"https:\/\/ecolestjean85160.fr\/wp-content\/uploads\/2019\/07\/cole-line-1.jpg\" alt=\"\u00e9cole-line-1\" \/><\/div><\/div><div class=\"cmsmasters_text\">\n<p>&nbsp;<\/p>\n<\/div>\n<div id=\"cmsmasters_divider_e3w28db4nr\" class=\"cl\"><\/div>\n<div class=\"cmsmasters_text\">\n<p style=\"text-align: center;\">La restauration est assur\u00e9e par le coll\u00e8ge Saint Jean des Lauriers. <span class=\"OYPEnA text-decoration-none text-strikethrough-none\">Les repas sont pr\u00e9par\u00e9s sur place.<\/span><\/p>\n<p style=\"text-align: center;\">Service \u00e0 table pour les maternelles.<\/p>\n<p style=\"text-align: center;\">Self-service du CP au CM2<\/p>\n<p style=\"text-align: center;\">L&rsquo;inscription s\u2019effectue au secr\u00e9tariat du coll\u00e8ge.<\/p>\n<p class=\"cvGsUA direction-ltr align-start para-style-body\" style=\"text-align: center;\"><strong>Tarifs pour <\/strong><strong>2025\/26 :\u00a0<\/strong><strong><span class=\"OYPEnA text-decoration-none text-strikethrough-none\"> 4\u20ac95\u00a0 le repas<\/span><\/strong><\/p>\n<p class=\"cvGsUA direction-ltr align-start para-style-body\" style=\"text-align: center;\">Pour toute information ou question sur les tarifs, contactez le coll\u00e8ge : 02 51 58 21 63<\/p>\n<p class=\"cvGsUA direction-ltr align-start para-style-body\"><span class=\"OYPEnA text-decoration-none text-strikethrough-none\">En cas de souci d&rsquo;ordre financier, une aide partielle ou totale peut vous \u00eatre accord\u00e9e par le CCAS de St Jean de Monts (02 51 59 97 20).<\/span><\/p>\n<p style=\"text-align: center;\">[\/cm<\/p>\n<\/div>\n<div class=\"cmsmasters_text\">\n<p>&nbsp;<\/p>\n<\/div>\n<div class=\"cmsmasters_text\">\n<p>&nbsp;<\/p>\n<\/div>\n<div class=\"cmsmasters_text\">\n<p>&nbsp;<\/p>\n<\/div>\n<div class=\"cmsmasters_text\">\n<p>&nbsp;<\/p>\n<\/div>\n<div class=\"cmsmasters_text\">\n<p>&nbsp;<\/p>\n<\/div>\n<div class=\"cmsmasters_text\">\n<p>&nbsp;<\/p>\n<\/div>\n<div class=\"cmsmasters_text\">\n<p>&nbsp;<\/p>\n<\/div>\n<div class=\"cmsmasters_text\">\n<p>&nbsp;<\/p>\n<\/div>\n<div class=\"cmsmasters_text\">\n<p>&nbsp;<\/p>\n<\/div>\n<div class=\"cmsmasters_text\">\n<p>&nbsp;<\/p>\n<\/div>\n<div class=\"cmsmasters_text\">\n<p>&nbsp;<\/p>\n<\/div>\n<div class=\"cmsmasters_text\">\n<p>&nbsp;<\/p>\n<\/div>\n<div class=\"cmsmasters_text\">\n<p>&nbsp;<\/p>\n<\/div>\n<div class=\"cmsmasters_text\">\n<p>&nbsp;<\/p>\n<\/div>\n<div class=\"cmsmasters_text\">\n<p>&nbsp;<\/p>\n<\/div>\n<div class=\"cmsmasters_text\">\n<p>&nbsp;<\/p>\n<\/div>\n<div class=\"cmsmasters_text\">\n<p>&nbsp;<\/p>\n<\/div>\n<div class=\"cmsmasters_text\">\n<p>&nbsp;<\/p>\n<\/div>\n<div class=\"cmsmasters_text\">\n<p>&nbsp;<\/p>\n<\/div>\n<\/div><\/div>\n<\/div>\n<\/div>\n<\/div>\n<\/div>\n<\/div>\n<div id=\"cmsmasters_row_ajpjmb9fdq\" class=\"cmsmasters_row cmsmasters_color_scheme_default cmsmasters_row_top_default cmsmasters_row_bot_default cmsmasters_row_boxed\">\n<div class=\"cmsmasters_row_outer_parent\">\n<div class=\"cmsmasters_row_outer\">\n<div class=\"cmsmasters_row_inner\">\n<div class=\"cmsmasters_row_margin\">\n<div id=\"cmsmasters_column_0e894worhq\" class=\"cmsmasters_column one_first\">\n<div class=\"cmsmasters_column_inner\"><div class=\"cmsmasters_toggles toggles_mode_toggle\">\n<div class=\"cmsmasters_toggle_wrap\" data-tags=\"all \">\n<div class=\"cmsmasters_toggle_title\">\n<span class=\"cmsmasters_toggle_plus\">\n<span class=\"cmsmasters_toggle_plus_hor\"><\/span>\n<span class=\"cmsmasters_toggle_plus_vert\"><\/span>\n<\/span>\n<a href=\"#\">R\u00e8glement de la Cantine<\/a>\n<\/div>\n<div class=\"cmsmasters_toggle\">\n<div class=\"cmsmasters_toggle_inner\">\n<p>Vous-trouverez ci-dessous le r\u00e8glement de la cantine<\/p>\n<p><a href=\"https:\/\/ecolesaintjeandemonts.fr\/wp-content\/uploads\/2023\/03\/Reglement_interieur_Restauration_-_ecole_2022.pdf\">R\u00e8glement Int\u00e9rieur de la Restauration du Coll\u00e8ge<\/a><\/p>\n<\/div>\n<\/div>\n<\/div><div class=\"cmsmasters_toggle_wrap\" data-tags=\"all \">\n<div class=\"cmsmasters_toggle_title\">\n<span class=\"cmsmasters_toggle_plus\">\n<span class=\"cmsmasters_toggle_plus_hor\"><\/span>\n<span class=\"cmsmasters_toggle_plus_vert\"><\/span>\n<\/span>\n<a href=\"#\">Fiche d\u2032inscription \u00e0 la Cantine<\/a>\n<\/div>\n<div class=\"cmsmasters_toggle\">\n<div class=\"cmsmasters_toggle_inner\">\n<p>Vous-trouverez ci-dessous le lien d&rsquo;acc\u00e8s au fichier d&rsquo;inscription<\/p>\n<p><a href=\"https:\/\/ecolesaintjeandemonts.fr\/wp-content\/uploads\/2023\/03\/Inscription_self_primaire_2022-2023.pdf\">Inscription au self pour l&rsquo;\u00e9cole primaire 2022-23<\/a><\/p>\n<\/div>\n<\/div>\n<\/div><div class=\"cmsmasters_toggle_wrap\" data-tags=\"all \">\n<div class=\"cmsmasters_toggle_title\">\n<span class=\"cmsmasters_toggle_plus\">\n<span class=\"cmsmasters_toggle_plus_hor\"><\/span>\n<span class=\"cmsmasters_toggle_plus_vert\"><\/span>\n<\/span>\n<a href=\"#\">Mettre en place le pr\u00e9l\u00e8vement de la Cantine<\/a>\n<\/div>\n<div class=\"cmsmasters_toggle\">\n<div class=\"cmsmasters_toggle_inner\">\n<p>Vous-trouverez ci-dessous le fichier de pr\u00e9l\u00e8vement SEPA pour la cantine du coll\u00e8ge<\/p>\n<p><a href=\"https:\/\/ecolesaintjeandemonts.fr\/wp-content\/uploads\/2023\/03\/mandat_SEPA_cantine.pdf\">Mandat SEPA de la cantine du coll\u00e8ge<\/a><\/p>\n<\/div>\n<\/div>\n<\/div><\/div>\n<\/div><\/div>\n<\/div>\n<\/div>\n<\/div>\n<\/div>\n<\/div>\n<div id=\"cmsmasters_row_mk7deaycr\" class=\"cmsmasters_row cmsmasters_color_scheme_default cmsmasters_row_top_default cmsmasters_row_bot_default cmsmasters_row_boxed\">\n<div class=\"cmsmasters_row_outer_parent\">\n<div class=\"cmsmasters_row_outer\">\n<div class=\"cmsmasters_row_inner\">\n<div class=\"cmsmasters_row_margin\">\n<div id=\"cmsmasters_column_tnytiujld9\" class=\"cmsmasters_column one_first\">\n<div class=\"cmsmasters_column_inner\"><div id=\"cmsmasters_button_b2xrjmjdzl\" class=\"button_wrap\"><a href=\"#\" class=\"cmsmasters_button\"><span>Button<\/span><\/a><\/div>\n<\/div><\/div>\n<\/div>\n<\/div>\n<\/div>\n<\/div>\n<\/div>\n\n","protected":false},"excerpt":{"rendered":"","protected":false},"author":2,"featured_media":0,"parent":1342,"menu_order":0,"comment_status":"closed","ping_status":"closed","template":"","meta":{"footnotes":""},"class_list":["post-3404","page","type-page","status-publish","hentry"],"_links":{"self":[{"href":"https:\/\/ecolestjean85160.fr\/index.php\/wp-json\/wp\/v2\/pages\/3404","targetHints":{"allow":["GET"]}}],"collection":[{"href":"https:\/\/ecolestjean85160.fr\/index.php\/wp-json\/wp\/v2\/pages"}],"about":[{"href":"https:\/\/ecolestjean85160.fr\/index.php\/wp-json\/wp\/v2\/types\/page"}],"author":[{"embeddable":true,"href":"https:\/\/ecolestjean85160.fr\/index.php\/wp-json\/wp\/v2\/users\/2"}],"replies":[{"embeddable":true,"href":"https:\/\/ecolestjean85160.fr\/index.php\/wp-json\/wp\/v2\/comments?post=3404"}],"version-history":[{"count":36,"href":"https:\/\/ecolestjean85160.fr\/index.php\/wp-json\/wp\/v2\/pages\/3404\/revisions"}],"predecessor-version":[{"id":5324,"href":"https:\/\/ecolestjean85160.fr\/index.php\/wp-json\/wp\/v2\/pages\/3404\/revisions\/5324"}],"up":[{"embeddable":true,"href":"https:\/\/ecolestjean85160.fr\/index.php\/wp-json\/wp\/v2\/pages\/1342"}],"wp:attachment":[{"href":"https:\/\/ecolestjean85160.fr\/index.php\/wp-json\/wp\/v2\/media?parent=3404"}],"curies":[{"name":"wp","href":"https:\/\/api.w.org\/{rel}","templated":true}]}}