{"id":239,"date":"2018-12-11T09:26:35","date_gmt":"2018-12-11T09:26:35","guid":{"rendered":"http:\/\/template-new.template.cmsmasters.net\/?page_id=239"},"modified":"2018-12-11T09:26:35","modified_gmt":"2018-12-11T09:26:35","slug":"mentions-legales","status":"publish","type":"page","link":"https:\/\/ecolestjean85160.fr\/index.php\/mentions-legales\/","title":{"rendered":"Mentions l\u00e9gales"},"content":{"rendered":"<div id=\"cmsmasters_row_ublbpbnkp\" class=\"cmsmasters_row cmsmasters_color_scheme_default cmsmasters_row_top_default cmsmasters_row_bot_default cmsmasters_row_boxed\">\n<div class=\"cmsmasters_row_outer_parent\">\n<div class=\"cmsmasters_row_outer\">\n<div class=\"cmsmasters_row_inner\">\n<div class=\"cmsmasters_row_margin\">\n<div id=\"cmsmasters_column_r2ngefwdu\" class=\"cmsmasters_column one_first\">\n<div class=\"cmsmasters_column_inner\"><div class=\"cmsmasters_text\">\n<h2 class=\"wp-block-heading\">1.\u00a0EDITEUR DU SITE<\/h2>\n<p><strong>Ecole Primaire Saint Jean<\/strong><br \/>\n76 Rue du G\u00e9n\u00e9ral de Gaulle<\/p>\n<p>85160 Saint-Jean-de-Monts<\/p>\n<p><strong>T\u00e9l\u00a0:<\/strong> 02 51 58 02 98<\/p>\n<h2 class=\"wp-block-heading\">2. DIRECTEUR DE LA PUBLICATION<\/h2>\n<p><strong>Directeur de la publication :\u00a0<\/strong>Damien DUCEPT<\/p>\n<h2 class=\"wp-block-heading\">3. R\u00c9ALISATION DU SITE<\/h2>\n<p><strong>Ecole Primaire Saint Jean<\/strong><br \/>\n76 Rue du G\u00e9n\u00e9ral de Gaulle<\/p>\n<p>85160 Saint-Jean-de-Monts<\/p>\n<h2 class=\"wp-block-heading\">4. H\u00c9BERGEMENT<\/h2>\n<p>OVH<\/p>\n<h2 class=\"wp-block-heading\">5. CMS<\/h2>\n<p>WordPress<\/p>\n<h2 class=\"wp-block-heading\">6. CONDITIONS G\u00c9N\u00c9RALES D\u2019UTILISATION<\/h2>\n<p>Votre utilisation de ce site web constitue votre acceptation des conditions g\u00e9n\u00e9rales et mentions d\u2019avertissement.<br \/>\nCe site peut contenir des liens vers d\u2019autres sites web.\u00a0<strong>Ecole Saint Jean<\/strong>\u00a0assume aucune responsabilit\u00e9 sur le contenu des sites autres que ceux faisant partie du domaine\u00a0<strong>www.ecolestjean85160.fr<\/strong><\/p>\n<p>L\u2019ensemble de ce site rel\u00e8ve de la l\u00e9gislation fran\u00e7aise et internationale sur le droit d\u2019auteur et la propri\u00e9t\u00e9 intellectuelle. Tous les droits de reproduction sont r\u00e9serv\u00e9s, y compris pour les documents t\u00e9l\u00e9chargables, les repr\u00e9sentations iconographiques et photographiques, ainsi que les contenus r\u00e9dactionnels. Les marques cit\u00e9es appartiennent \u00e0 leurs propri\u00e9taires respectifs.<br \/>\nLa reproduction de tout ou partie de ce site sur un support \u00e9lectronique quel qu\u2019il soit est formellement interdite sauf autorisation expresse du directeur de publication. Vous vous engagez \u00e0 ne pas utiliser ce site \u00e0 des fins illicites ou interdites par les lois ou par les mentions l\u00e9gales et contractuelles.<\/p>\n<h2 class=\"wp-block-heading\">7. RESPECT DE LA VIE PRIV\u00c9E<\/h2>\n<p>Conform\u00e9ment \u00e0 la loi \u00ab Informatique et Libert\u00e9 \u00bb du 06 Janvier 1978, vous disposez d\u2019un droit d\u2019acc\u00e8s et de rectification des donn\u00e9es vous concernant. Pour cela il suffit de nous contacter (en nous indiquant vos coordonn\u00e9es et le cas \u00e9ch\u00e9ant votre n\u00b0 client.).<\/p>\n<h2 class=\"wp-block-heading\">8. DROIT D\u2019AUTEUR \u2013 COPYRIGHT<\/h2>\n<p>Tous les \u00e9l\u00e9ments de toute nature (images fixes, images anim\u00e9es, photographies, bases de donn\u00e9es, marques, illustrations, logos, dessins, mod\u00e8les, documents t\u00e9l\u00e9chargeable, etc) contenus dans le site <strong>www.ecolestjean85160.fr<\/strong>\u00a0sont prot\u00e9g\u00e9s par le droit d\u2019auteur. A ce titre, sauf autorisation pr\u00e9alable et \u00e9crite de\u00a0<strong>Ecole Saint Jean<\/strong>, toute reproduction, repr\u00e9sentation, adaptation, modification partielle ou int\u00e9grale de tout \u00e9l\u00e9ment composant le site, par quelque moyen que ce soit, est interdite sous peine de poursuite judiciaire.<\/p>\n<h2 class=\"wp-block-heading\">9. NOM ET LOGO<\/h2>\n<p>Il est strictement interdit de reproduire, r\u00e9\u00e9diter ou redistribuer totalement ou partiellement le nom\u00a0<strong>Ecole Saint Jean<\/strong>\u00a0ou son logo, seul ou associ\u00e9 \u00e0 quelque titre que ce soit sans l\u2019accord \u00e9crit pr\u00e9alable de <b>Ecole Saint Jean<\/b><\/p>\n<h2 class=\"wp-block-heading\">10. LIENS HYPERTEXTES<\/h2>\n<p>Tout site Internet est autoris\u00e9 \u00e0 \u00e9tablir, sans accord pr\u00e9alable, un lien vers les informations diffus\u00e9es sur le site de\u00a0<strong>Ecole Saint Jean<\/strong>. N\u00e9anmoins, les pages et les documents issus de <strong>www.ecolestjean85160.fr<\/strong>\u00a0ne doivent pas \u00eatre imbriqu\u00e9s \u00e0 l\u2019int\u00e9rieur des pages d\u2019un autre site.<br \/>\nL\u2019autorisation de mise en place d\u2019un lien est valable pour tout support, \u00e0 l\u2019exception de ceux diffusant des informations \u00e0 caract\u00e8re pol\u00e9mique, pornographique, x\u00e9nophobe ou pouvant, dans une plus large mesure, porter atteinte \u00e0 la sensibilit\u00e9 du plus grand nombre.<br \/>\n<strong>Ecole Saint Jean<\/strong> ne peut, en aucun cas, \u00eatre tenu pour responsable des informations diffus\u00e9es sur les sites qui font l\u2019objet d\u2019un lien hypertexte \u00e0 partir de <strong>www.ecolestjean85160.fr<\/strong><\/p>\n<h2 class=\"wp-block-heading\">11. QUALIT\u00c9 ET UTILISATION DES INFORMATIONS<\/h2>\n<p><strong>Ecole Saint Jean<\/strong> s\u2019attache \u00e0 diffuser une information fiable, v\u00e9rifi\u00e9e et r\u00e9guli\u00e8rement actualis\u00e9e. En d\u00e9pit des nombreux efforts mis en \u0153uvre pour atteindre cet objectif, des erreurs ou omissions peuvent, tout de m\u00eame, subsister. Il appartient donc \u00e0 l\u2019internaute, sous sa responsabilit\u00e9 exclusive, d\u2019utiliser les informations disponibles sur <strong>www.ecolestjean85160.fr<\/strong>\u00a0avec discernement. En cons\u00e9quence,\u00a0<strong>Ecole Saint Jean<\/strong>\u00a0vous recommande de v\u00e9rifier les informations recueillies sur son site, pr\u00e9alablement \u00e0 toute prise de d\u00e9cision quant \u00e0 leur usage.<\/p>\n<h2 class=\"wp-block-heading\">12. GARANTIES ET RESPONSABILIT\u00c9S<\/h2>\n<p>Les informations diffus\u00e9es sur le site de <strong>Ecole Saint Jean<\/strong>\u00a0sont fournies sans garantie d\u2019aucune sorte, autre que celles pr\u00e9vues par la loi en vigueur, et notamment sans garantie que le contenu r\u00e9ponde aux besoins de l\u2019utilisateur ou \u00e0 l\u2019usage qu\u2019il sera amen\u00e9 en faire. L\u2019utilisateur est seul responsable de toute utilisation qu\u2019il fera des informations diffus\u00e9es sur <strong>www.ecolestjean85160.fr<\/strong>.<br \/>\n<strong>Ecole Saint Jean<\/strong> ne pourra pas \u00eatre tenue responsable des dommages directs ou indirects r\u00e9sultant de l\u2019usage de son site ou d\u2019autres sites qui lui sont li\u00e9s, et notamment des \u00e9ventuelles pertes financi\u00e8res ou pr\u00e9judices commerciaux pouvant en r\u00e9sulter.<\/p>\n<h2 class=\"wp-block-heading\">13.\u00a0LOI APPLICABLE<\/h2>\n<p>Les pr\u00e9sentes Conditions G\u00e9n\u00e9rales sont soumises au droit interne fran\u00e7ais. La langue des Conditions G\u00e9n\u00e9rales est la langue fran\u00e7aise. En cas de litige, les tribunaux fran\u00e7ais seront seuls comp\u00e9tents.<\/p>\n<\/div>\n<\/div><\/div>\n<\/div>\n<\/div>\n<\/div>\n<\/div>\n<\/div>\n\n","protected":false},"excerpt":{"rendered":"","protected":false},"author":2,"featured_media":0,"parent":0,"menu_order":0,"comment_status":"closed","ping_status":"closed","template":"","meta":{"footnotes":""},"class_list":["post-239","page","type-page","status-publish","hentry"],"_links":{"self":[{"href":"https:\/\/ecolestjean85160.fr\/index.php\/wp-json\/wp\/v2\/pages\/239","targetHints":{"allow":["GET"]}}],"collection":[{"href":"https:\/\/ecolestjean85160.fr\/index.php\/wp-json\/wp\/v2\/pages"}],"about":[{"href":"https:\/\/ecolestjean85160.fr\/index.php\/wp-json\/wp\/v2\/types\/page"}],"author":[{"embeddable":true,"href":"https:\/\/ecolestjean85160.fr\/index.php\/wp-json\/wp\/v2\/users\/2"}],"replies":[{"embeddable":true,"href":"https:\/\/ecolestjean85160.fr\/index.php\/wp-json\/wp\/v2\/comments?post=239"}],"version-history":[{"count":0,"href":"https:\/\/ecolestjean85160.fr\/index.php\/wp-json\/wp\/v2\/pages\/239\/revisions"}],"wp:attachment":[{"href":"https:\/\/ecolestjean85160.fr\/index.php\/wp-json\/wp\/v2\/media?parent=239"}],"curies":[{"name":"wp","href":"https:\/\/api.w.org\/{rel}","templated":true}]}}