{"id":1342,"date":"2022-07-24T12:19:57","date_gmt":"2022-07-24T10:19:57","guid":{"rendered":"https:\/\/ecole.cmsmasters.net\/?page_id=1342"},"modified":"2026-01-09T14:23:20","modified_gmt":"2026-01-09T13:23:20","slug":"informations-pratiques","status":"publish","type":"page","link":"https:\/\/ecolestjean85160.fr\/index.php\/informations-pratiques\/","title":{"rendered":"Informations pratiques"},"content":{"rendered":"<div id=\"cmsmasters_row_f8eddplo3\" class=\"cmsmasters_row cmsmasters_color_scheme_default cmsmasters_row_top_default cmsmasters_row_bot_default cmsmasters_row_boxed\">\n<div class=\"cmsmasters_row_outer_parent\">\n<div class=\"cmsmasters_row_outer\">\n<div class=\"cmsmasters_row_inner\">\n<div class=\"cmsmasters_row_margin\">\n<div id=\"cmsmasters_column_6gz5zgm5xb\" class=\"cmsmasters_column one_first\">\n<div class=\"cmsmasters_column_inner\"><div id=\"cmsmasters_heading_75t1ftz1y\" class=\"cmsmasters_heading_wrap cmsmasters_heading_align_center\">\n\t<h2 class=\"cmsmasters_heading\">Premi\u00e8re rentr\u00e9e<\/h2>\n<\/div><div class=\"aligncenter\"><div class=\"cmsmasters_img  cmsmasters_image_c\"><img decoding=\"async\" src=\"https:\/\/ecolestjean85160.fr\/wp-content\/uploads\/2019\/07\/cole-line-1.jpg\" alt=\"\u00e9cole-line-1\" \/><\/div><\/div><div class=\"cmsmasters_text\">\n<p>&nbsp;<\/p>\n<\/div>\n<div id=\"cmsmasters_divider_e3w28db4nr\" class=\"cl\"><\/div>\n<div class=\"cmsmasters_text\">\n<p style=\"margin: 0cm; text-align: center;\" align=\"center\">Vous souhaitez inscrire votre enfant dans notre \u00e9cole?<\/p>\n<p style=\"margin: 0cm; text-align: center;\" align=\"center\">Merci de prendre rendez-vous avec Nathalie Richard, cheffe d&rsquo;\u00e9tablissement,<\/p>\n<p style=\"margin: 0cm; text-align: center;\" align=\"center\">par t\u00e9l\u00e9phone (<strong>02 51 58 02 98<\/strong>) ou par courriel (<strong>direction@ecolestjean85160.fr<\/strong>)<\/p>\n<p align=\"center\">N&rsquo;h\u00e9sitez pas \u00e0 venir d\u00e9couvrir l&rsquo;\u00e9cole !<\/p>\n<p align=\"center\">Nous organisons sp\u00e9cialement pour nos futurs \u00e9l\u00e8ves de Petite Section des <strong>Portes Ouvertes<\/strong>. \u00a0Notre \u00e9quipe p\u00e9dagogique vous fera <strong>visiter<\/strong> les locaux, vous pr\u00e9sentera le fonctionnement et r\u00e9pondra \u00e0 vos questions. faites-vous connaitre afin de recevoir l&rsquo;invitation.<\/p>\n<p style=\"margin: 0cm; text-align: center;\" align=\"center\">Les \u00e9l\u00e8ves de Petite Section de maternelle sont accueillis \u00e0 la <strong>rentr\u00e9e de septembre de l\u2019ann\u00e9e de leur<\/strong> <strong>3\u00e8me anniversaire ou avant (en mars) en fonction des places disponibles. <\/strong>La rentr\u00e9e peut \u00eatre\u00a0<strong>progressive<\/strong> (matin ou journ\u00e9e compl\u00e8te).<\/p>\n<p style=\"margin: 0cm; text-align: center;\" align=\"center\"><strong>Documents \u00e0 fournir pour l&rsquo;inscription<\/strong>: livret de famille et\u00a0carnet de sant\u00e9.<\/p>\n<blockquote>\n<p align=\"center\">Pour bien pr\u00e9parer sa rentr\u00e9e en Petite section de maternelle&#8230;<\/p>\n<\/blockquote>\n<p align=\"center\"><img loading=\"lazy\" decoding=\"async\" class=\"wp-image-5067 aligncenter\" src=\"https:\/\/ecolestjean85160.fr\/wp-content\/uploads\/2024\/08\/1-300x212.png\" alt=\"\" width=\"782\" height=\"553\" srcset=\"https:\/\/ecolestjean85160.fr\/wp-content\/uploads\/2024\/08\/1-300x212.png 300w, https:\/\/ecolestjean85160.fr\/wp-content\/uploads\/2024\/08\/1-1024x724.png 1024w, https:\/\/ecolestjean85160.fr\/wp-content\/uploads\/2024\/08\/1-768x543.png 768w, https:\/\/ecolestjean85160.fr\/wp-content\/uploads\/2024\/08\/1-1536x1086.png 1536w, https:\/\/ecolestjean85160.fr\/wp-content\/uploads\/2024\/08\/1-1160x820.png 1160w, https:\/\/ecolestjean85160.fr\/wp-content\/uploads\/2024\/08\/1-860x608.png 860w, https:\/\/ecolestjean85160.fr\/wp-content\/uploads\/2024\/08\/1-1320x933.png 1320w, https:\/\/ecolestjean85160.fr\/wp-content\/uploads\/2024\/08\/1.png 2000w\" sizes=\"auto, (max-width: 782px) 100vw, 782px\" \/><\/p>\n<p align=\"center\"><img loading=\"lazy\" decoding=\"async\" class=\"alignnone wp-image-5068\" src=\"https:\/\/ecolestjean85160.fr\/wp-content\/uploads\/2024\/08\/2-300x212.png\" alt=\"\" width=\"780\" height=\"551\" srcset=\"https:\/\/ecolestjean85160.fr\/wp-content\/uploads\/2024\/08\/2-300x212.png 300w, https:\/\/ecolestjean85160.fr\/wp-content\/uploads\/2024\/08\/2-1024x724.png 1024w, https:\/\/ecolestjean85160.fr\/wp-content\/uploads\/2024\/08\/2-768x543.png 768w, https:\/\/ecolestjean85160.fr\/wp-content\/uploads\/2024\/08\/2-1536x1086.png 1536w, https:\/\/ecolestjean85160.fr\/wp-content\/uploads\/2024\/08\/2-1160x820.png 1160w, https:\/\/ecolestjean85160.fr\/wp-content\/uploads\/2024\/08\/2-860x608.png 860w, https:\/\/ecolestjean85160.fr\/wp-content\/uploads\/2024\/08\/2-1320x933.png 1320w, https:\/\/ecolestjean85160.fr\/wp-content\/uploads\/2024\/08\/2.png 2000w\" sizes=\"auto, (max-width: 780px) 100vw, 780px\" \/><\/p>\n<\/div>\n<\/div><\/div>\n<\/div>\n<\/div>\n<\/div>\n<\/div>\n<\/div>\n<div id=\"cmsmasters_row_ntlycufdho\" class=\"cmsmasters_row cmsmasters_color_scheme_default cmsmasters_row_top_default cmsmasters_row_bot_default cmsmasters_row_boxed\">\n<div class=\"cmsmasters_row_outer_parent\">\n<div class=\"cmsmasters_row_outer\">\n<div class=\"cmsmasters_row_inner\">\n<div class=\"cmsmasters_row_margin\">\n<div id=\"cmsmasters_column_pdubtow7yj\" class=\"cmsmasters_column one_first\">\n<div class=\"cmsmasters_column_inner\"><div class=\"cmsmasters_toggles toggles_mode_toggle\">\n<div class=\"cmsmasters_toggle_wrap\" data-tags=\"all \">\n<div class=\"cmsmasters_toggle_title\">\n<span class=\"cmsmasters_toggle_plus\">\n<span class=\"cmsmasters_toggle_plus_hor\"><\/span>\n<span class=\"cmsmasters_toggle_plus_vert\"><\/span>\n<\/span>\n<a href=\"#\">Fiche  de renseignements et autorisations<\/a>\n<\/div>\n<div class=\"cmsmasters_toggle\">\n<div class=\"cmsmasters_toggle_inner\">\n<div class=\"innerShortcode\">\n<div class=\"innerContent\">\n<div>\n<p align=\"center\"><span class=\"fontstyle0\"><strong>\u00c0 quoi sert la fiche\u00a0 de renseignements et autorisations remise \u00e0 la rentr\u00e9e?<\/strong><br \/>\n<\/span><span class=\"fontstyle2\">Les informations qui vous sont demand\u00e9es sur cette fiche sont importantes pour vos relations avec l\u2019\u00e9cole.<br \/>\nElles sont indispensables pour :<br \/>\n<\/span><span class=\"fontstyle3\">\u25cf\u00a0<\/span><span class=\"fontstyle2\">vous conna\u00eetre,<br \/>\n<\/span><span class=\"fontstyle3\">\u25cf\u00a0<\/span><span class=\"fontstyle2\">vous contacter \u00e0 tout moment, en particulier en cas d\u2019urgence,<br \/>\n<\/span><span class=\"fontstyle3\">\u25cf\u00a0<\/span><span class=\"fontstyle2\">identifier les personnes que vous autorisez \u00e0 venir chercher l\u2019\u00e9l\u00e8ve \u00e0 l\u2019\u00e9cole,<br \/>\nsavoir \u00e0 quelle adresse peut vous \u00eatre envoy\u00e9 un courrier postal ou \u00e9lectronique concernant la scolarit\u00e9 de<br \/>\nl\u2019\u00e9l\u00e8ve.<br \/>\n<\/span><span class=\"fontstyle3\"><br \/>\n<\/span><span class=\"fontstyle2\">C\u2019est pourquoi il vous est demand\u00e9 de remplir cette fiche avec le plus grand soin et de signaler tout changement en<br \/>\ncours d\u2019ann\u00e9e.<br \/>\nEnfin, ces informations sont \u00e9galement utiles \u00e0 l\u2019acad\u00e9mie et au minist\u00e8re pour mieux conna\u00eetre les \u00e9coles et<br \/>\nam\u00e9liorer leur fonctionnement.<br \/>\n<\/span><span class=\"fontstyle0\"><br \/>\n<\/span><span class=\"fontstyle2\">L\u2019\u00e9tablissement scolaire de votre enfant s\u2019engage \u00e0 traiter vos donn\u00e9es \u00e0 caract\u00e8re personnel dans le respect du<br \/>\nr\u00e8glement g\u00e9n\u00e9ral (UE) 2016\/679 du Parlement europ\u00e9en et du Conseil du 27 avril 2016 sur la protection des<br \/>\ndonn\u00e9es (RGPD) et de la loi n\u00b078-17 du 6 janvier 1978 modifi\u00e9e relative \u00e0 l\u2019informatique, aux fichiers et aux libert\u00e9s.<\/span><\/p>\n<p>&nbsp;<\/p>\n<p><span class=\"fontstyle3\">Codes des professions et des cat\u00e9gories socio-professionnelles (\u00e0 renseigner sur la fiche de renseignements).<\/span><\/p>\n<p><a href=\"https:\/\/ecolestjean85160.fr\/wp-content\/uploads\/2024\/06\/liste-categories-socio-professionnelles.pdf\">liste cat\u00e9gories socio-professionnelles<\/a><\/p>\n<p>&nbsp;<\/p>\n<\/div>\n<\/div>\n<\/div>\n<\/div>\n<\/div>\n<\/div><div class=\"cmsmasters_toggle_wrap\" data-tags=\"all \">\n<div class=\"cmsmasters_toggle_title\">\n<span class=\"cmsmasters_toggle_plus\">\n<span class=\"cmsmasters_toggle_plus_hor\"><\/span>\n<span class=\"cmsmasters_toggle_plus_vert\"><\/span>\n<\/span>\n<a href=\"#\">Assurance individuelle pour votre enfant<\/a>\n<\/div>\n<div class=\"cmsmasters_toggle\">\n<div class=\"cmsmasters_toggle_inner\">\n<p>Pour chaque rentr\u00e9e, vous devez v\u00e9rifier que votre enfant figure bien sur votre contrat d\u2019assurance Responsabilit\u00e9 Civile.<\/p>\n<p>Concernant l&rsquo;<strong>Assurance Individuelle Accident<\/strong>, l\u2019\u00e9cole souscrit aupr\u00e8s de la mutuelle <em>Saint-Christophe<\/em>\u00a0un contrat de groupe pour tous les \u00e9l\u00e8ves, de la PS au CM2, quelle que soit leur date d\u2019entr\u00e9e \u00e0 l\u2019\u00e9cole.\u00a0Elle vous sera factur\u00e9e\u00a0<strong>8 \u20ac sur la facture de septembre<\/strong>. Ce contrat est une assurance scolaire et extrascolaire <strong>valable du 1er septembre au 31 ao\u00fbt.<\/strong> Il n&rsquo;est donc pas n\u00e9cessaire d&rsquo;en souscrire une autre aupr\u00e8s de votre assureur.<\/p>\n<p>Pour prendre connaissance des garanties qui couvrent votre enfant et obtenir une attestation d\u2019assurance scolaire, connectez-vous \u00e0 l\u2019Espace parents de Saint-Christophe assurances :\u00a0<a href=\"http:\/\/saint-christophe-assurances.fr\/informations-pratiques\/espace-parents\">http:\/\/saint-christophe-assurances.fr\/informations-pratiques\/espace-parents<\/a><\/p>\n<p>&nbsp;<\/p>\n<\/div>\n<\/div>\n<\/div><\/div>\n<\/div><\/div>\n<\/div>\n<\/div>\n<\/div>\n<\/div>\n<\/div>\n\n","protected":false},"excerpt":{"rendered":"","protected":false},"author":2,"featured_media":0,"parent":0,"menu_order":0,"comment_status":"closed","ping_status":"closed","template":"","meta":{"footnotes":""},"class_list":["post-1342","page","type-page","status-publish","hentry"],"_links":{"self":[{"href":"https:\/\/ecolestjean85160.fr\/index.php\/wp-json\/wp\/v2\/pages\/1342","targetHints":{"allow":["GET"]}}],"collection":[{"href":"https:\/\/ecolestjean85160.fr\/index.php\/wp-json\/wp\/v2\/pages"}],"about":[{"href":"https:\/\/ecolestjean85160.fr\/index.php\/wp-json\/wp\/v2\/types\/page"}],"author":[{"embeddable":true,"href":"https:\/\/ecolestjean85160.fr\/index.php\/wp-json\/wp\/v2\/users\/2"}],"replies":[{"embeddable":true,"href":"https:\/\/ecolestjean85160.fr\/index.php\/wp-json\/wp\/v2\/comments?post=1342"}],"version-history":[{"count":14,"href":"https:\/\/ecolestjean85160.fr\/index.php\/wp-json\/wp\/v2\/pages\/1342\/revisions"}],"predecessor-version":[{"id":5261,"href":"https:\/\/ecolestjean85160.fr\/index.php\/wp-json\/wp\/v2\/pages\/1342\/revisions\/5261"}],"wp:attachment":[{"href":"https:\/\/ecolestjean85160.fr\/index.php\/wp-json\/wp\/v2\/media?parent=1342"}],"curies":[{"name":"wp","href":"https:\/\/api.w.org\/{rel}","templated":true}]}}